{"id":6568,"date":"2025-05-04T11:30:07","date_gmt":"2025-05-04T11:30:07","guid":{"rendered":"https:\/\/wp.ravextheme.com\/arrox\/?page_id=6568"},"modified":"2026-05-12T17:39:43","modified_gmt":"2026-05-12T21:39:43","slug":"activities","status":"publish","type":"page","link":"https:\/\/www.yelcho.cl\/en\/actividades\/","title":{"rendered":"Activities"},"content":{"rendered":"<div data-elementor-type=\"wp-page\" data-elementor-id=\"6568\" class=\"elementor elementor-6568\" data-elementor-post-type=\"page\">\n\t\t\t\t<div class=\"elementor-element elementor-element-368b476 e-con-full e-flex e-con e-parent\" data-id=\"368b476\" data-element_type=\"container\" data-e-type=\"container\" data-settings=\"{&quot;background_background&quot;:&quot;classic&quot;}\">\n\t\t<div class=\"elementor-element elementor-element-86278bc e-con-full e-flex e-con e-child\" data-id=\"86278bc\" data-element_type=\"container\" data-e-type=\"container\">\n\t\t\t\t<div class=\"elementor-element elementor-element-4cf4c86 fade-anim rd-inner-pg-title animated-slow elementor-widget__width-initial elementor-widget-widescreen__width-initial elementor-invisible elementor-widget elementor-widget-heading\" data-id=\"4cf4c86\" data-element_type=\"widget\" data-e-type=\"widget\" data-settings=\"{&quot;_animation&quot;:&quot;fadeInDown&quot;}\" data-widget_type=\"heading.default\">\n\t\t\t\t\t<h1 class=\"elementor-heading-title elementor-size-default\">ACTIVITIES<\/h1>\t\t\t\t<\/div>\n\t\t\t\t<\/div>\n\t\t\t\t<\/div>\n\t\t<div class=\"elementor-element elementor-element-d79e8a3 e-flex e-con-boxed e-con e-parent\" data-id=\"d79e8a3\" data-element_type=\"container\" data-e-type=\"container\" data-settings=\"{&quot;background_background&quot;:&quot;classic&quot;}\">\n\t\t\t\t\t<div class=\"e-con-inner\">\n\t\t<div class=\"elementor-element elementor-element-8399bba e-con-full e-flex e-con e-child\" data-id=\"8399bba\" data-element_type=\"container\" data-e-type=\"container\">\n\t\t<div class=\"elementor-element elementor-element-71e2a7f e-con-full e-flex e-con e-child\" data-id=\"71e2a7f\" data-element_type=\"container\" data-e-type=\"container\">\n\t\t\t\t<div class=\"elementor-element elementor-element-2efabc7 fade-anim elementor-widget__width-inherit elementor-widget elementor-widget-heading\" data-id=\"2efabc7\" data-element_type=\"widget\" data-e-type=\"widget\" data-widget_type=\"heading.default\">\n\t\t\t\t\t<h2 class=\"elementor-heading-title elementor-size-default\">Unforgettable experiences in the heart of Patagonia\n\n<\/h2>\t\t\t\t<\/div>\n\t\t\t\t<\/div>\n\t\t\t\t<\/div>\n\t\t\t\t\t<\/div>\n\t\t\t\t<\/div>\n\t\t<div class=\"elementor-element elementor-element-a538217 e-flex e-con-boxed e-con e-parent\" data-id=\"a538217\" data-element_type=\"container\" data-e-type=\"container\" data-settings=\"{&quot;background_background&quot;:&quot;classic&quot;,&quot;animation&quot;:&quot;none&quot;}\">\n\t\t\t\t\t<div class=\"e-con-inner\">\n\t\t<div class=\"elementor-element elementor-element-a4dc950 e-con-full e-flex e-con e-child\" data-id=\"a4dc950\" data-element_type=\"container\" data-e-type=\"container\">\n\t\t<div class=\"elementor-element elementor-element-ad140b9 e-con-full e-flex e-con e-child\" data-id=\"ad140b9\" data-element_type=\"container\" data-e-type=\"container\" data-settings=\"{&quot;animation&quot;:&quot;none&quot;}\">\n\t\t\t\t<div class=\"elementor-element elementor-element-283c82a fade-anim elementor-widget__width-initial elementor-widget-laptop__width-initial elementor-widget-tablet_extra__width-initial animated-slow elementor-invisible elementor-widget elementor-widget-heading\" data-id=\"283c82a\" data-element_type=\"widget\" data-e-type=\"widget\" data-settings=\"{&quot;_animation&quot;:&quot;fadeIn&quot;}\" data-widget_type=\"heading.default\">\n\t\t\t\t\t<h2 class=\"elementor-heading-title elementor-size-default\">Yelcho in Patagonia is nestled among rivers, lakes, forests and mountains, perfect settings for outdoor activities. You will discover incredible places, many of them world-renowned.<\/h2>\t\t\t\t<\/div>\n\t\t\t\t<\/div>\n\t\t\t\t<\/div>\n\t\t\t\t\t<\/div>\n\t\t\t\t<\/div>\n\t\t<div class=\"elementor-element elementor-element-47441595 e-flex e-con-boxed e-con e-parent\" data-id=\"47441595\" data-element_type=\"container\" data-e-type=\"container\" data-settings=\"{&quot;background_background&quot;:&quot;classic&quot;}\">\n\t\t\t\t\t<div class=\"e-con-inner\">\n\t\t<div class=\"elementor-element elementor-element-4c36b19c e-flex e-con-boxed e-con e-child\" data-id=\"4c36b19c\" data-element_type=\"container\" data-e-type=\"container\">\n\t\t\t\t\t<div class=\"e-con-inner\">\n\t\t<div class=\"elementor-element elementor-element-5318c85f e-con-full e-flex e-con e-child\" data-id=\"5318c85f\" data-element_type=\"container\" data-e-type=\"container\">\n\t\t<div class=\"elementor-element elementor-element-4e769ffd e-con-full e-flex e-con e-child\" data-id=\"4e769ffd\" data-element_type=\"container\" data-e-type=\"container\">\n\t\t\t\t<div class=\"elementor-element elementor-element-21abbb0 elementor-widget elementor-widget-rt-image-portfolio\" data-id=\"21abbb0\" data-element_type=\"widget\" data-e-type=\"widget\" data-settings=\"{&quot;arrox_anima_type&quot;:&quot;fade-anim&quot;}\" data-widget_type=\"rt-image-portfolio.default\">\n\t\t\t\t<div class=\"elementor-widget-container\">\n\t\t\t\t\t\r\n\t\t\r\n\t\t<div class=\"ax-pf-wrapper-01 works-wrapper-1 fade-anim\"   >\r\n\t\t\t<div class=\"work-box\">\r\n\t\t\t\t<div class=\"thumb\">\r\n\t\t\t\t\t<div class=\"image scale\" data-cursor-text=\"M\u00e1s info..\">\r\n\t\t\t\t\t\t\t\t\t\t\t\t<a href=\"https:\/\/www.yelcho.cl\/en\/blog\/como-es-un-dia-de-pesca-en-yelcho\/\" target=\"_blank\" rel=\"\">\r\n\t\t\t\t\t\t\t<img decoding=\"async\" src=\"https:\/\/www.yelcho.cl\/wp-content\/uploads\/2026\/04\/fly_fishing_yelcho_bg-1-scaled-1.jpg\" alt=\"http:\/\/fly_fishing_yelcho_bg\">\r\n\t\t\t\t\t\t<\/a>\r\n\t\t\t\t\t\t\t\t\t\t\t<\/div>\r\n\t\t\t\t<\/div>\r\n\t\t\t<\/div>\r\n\t\t<\/div>\r\n\r\n        \t\t\t\t<\/div>\n\t\t\t\t<\/div>\n\t\t\t\t<div class=\"elementor-element elementor-element-41b28307 elementor-widget elementor-widget-heading\" data-id=\"41b28307\" data-element_type=\"widget\" data-e-type=\"widget\" data-widget_type=\"heading.default\">\n\t\t\t\t\t<h4 class=\"elementor-heading-title elementor-size-default\"><a href=\"https:\/\/www.yelcho.cl\/en\/blog\/como-es-un-dia-de-pesca-en-yelcho\/\" target=\"_blank\">Fishing in Yelcho<\/a><\/h4>\t\t\t\t<\/div>\n\t\t\t\t<div class=\"elementor-element elementor-element-f9dc85c elementor-widget elementor-widget-heading\" data-id=\"f9dc85c\" data-element_type=\"widget\" data-e-type=\"widget\" data-widget_type=\"heading.default\">\n\t\t\t\t\t<span class=\"elementor-heading-title elementor-size-default\">Lake Yelcho is renowned as one of the world's premier fly-fishing destinations, thanks to its abundant trout population, their size, and the mild climate. Venturing into the crystal-clear waters of Lake and the Yelcho River is an essential adventure for trout and salmon anglers.<\/span>\t\t\t\t<\/div>\n\t\t\t\t<\/div>\n\t\t<div class=\"elementor-element elementor-element-4f862ff e-con-full e-flex e-con e-child\" data-id=\"4f862ff\" data-element_type=\"container\" data-e-type=\"container\">\n\t\t\t\t<div class=\"elementor-element elementor-element-4275ad66 elementor-widget elementor-widget-rt-image-portfolio\" data-id=\"4275ad66\" data-element_type=\"widget\" data-e-type=\"widget\" data-settings=\"{&quot;arrox_anima_type&quot;:&quot;fade-anim&quot;}\" data-widget_type=\"rt-image-portfolio.default\">\n\t\t\t\t<div class=\"elementor-widget-container\">\n\t\t\t\t\t\r\n\t\t\r\n\t\t<div class=\"ax-pf-wrapper-01 works-wrapper-1 fade-anim\"   >\r\n\t\t\t<div class=\"work-box\">\r\n\t\t\t\t<div class=\"thumb\">\r\n\t\t\t\t\t<div class=\"image scale\" data-cursor-text=\"M\u00e1s info..\">\r\n\t\t\t\t\t\t\t\t\t\t\t\t<a href=\"https:\/\/www.yelcho.cl\/en\/blog\/ventisquero-yelcho\/\" target=\"_blank\" rel=\"\">\r\n\t\t\t\t\t\t\t<img decoding=\"async\" src=\"https:\/\/www.yelcho.cl\/wp-content\/uploads\/2026\/03\/glaciar-yelcho.jpg\" alt=\"http:\/\/glaciar-yelcho\">\r\n\t\t\t\t\t\t<\/a>\r\n\t\t\t\t\t\t\t\t\t\t\t<\/div>\r\n\t\t\t\t<\/div>\r\n\t\t\t<\/div>\r\n\t\t<\/div>\r\n\r\n        \t\t\t\t<\/div>\n\t\t\t\t<\/div>\n\t\t\t\t<div class=\"elementor-element elementor-element-70ba8982 elementor-widget elementor-widget-heading\" data-id=\"70ba8982\" data-element_type=\"widget\" data-e-type=\"widget\" data-widget_type=\"heading.default\">\n\t\t\t\t\t<h4 class=\"elementor-heading-title elementor-size-default\"><a href=\"https:\/\/www.yelcho.cl\/en\/blog\/ventisquero-yelcho\/\" target=\"_blank\">Ventisquero Yelcho<\/a><\/h4>\t\t\t\t<\/div>\n\t\t\t\t<div class=\"elementor-element elementor-element-3798f774 elementor-widget elementor-widget-heading\" data-id=\"3798f774\" data-element_type=\"widget\" data-e-type=\"widget\" data-widget_type=\"heading.default\">\n\t\t\t\t\t<span class=\"elementor-heading-title elementor-size-default\">Just 6 kilometers from our site is the majestic Yelcho Ventisquero, a solid glacial ice formation that you can contemplate after an interesting trek, advancing along a magical trail in the Patagonian Forest.<\/span>\t\t\t\t<\/div>\n\t\t\t\t<\/div>\n\t\t\t\t<\/div>\n\t\t<div class=\"elementor-element elementor-element-5c2565bf e-con-full e-flex e-con e-child\" data-id=\"5c2565bf\" data-element_type=\"container\" data-e-type=\"container\">\n\t\t<div class=\"elementor-element elementor-element-62e7dd8e e-con-full e-flex e-con e-child\" data-id=\"62e7dd8e\" data-element_type=\"container\" data-e-type=\"container\">\n\t\t\t\t<div class=\"elementor-element elementor-element-24eaa445 elementor-widget elementor-widget-rt-image-portfolio\" data-id=\"24eaa445\" data-element_type=\"widget\" data-e-type=\"widget\" data-settings=\"{&quot;arrox_anima_type&quot;:&quot;fade-anim&quot;}\" data-widget_type=\"rt-image-portfolio.default\">\n\t\t\t\t<div class=\"elementor-widget-container\">\n\t\t\t\t\t\r\n\t\t\r\n\t\t<div class=\"ax-pf-wrapper-01 works-wrapper-1 fade-anim\"   >\r\n\t\t\t<div class=\"work-box\">\r\n\t\t\t\t<div class=\"thumb\">\r\n\t\t\t\t\t<div class=\"image scale\" data-cursor-text=\"M\u00e1s info..\">\r\n\t\t\t\t\t\t\t\t\t\t\t\t<a href=\"https:\/\/www.yelcho.cl\/en\/blog\/senderos-pumalin-y-corcovado\/\" target=\"_blank\" rel=\"\">\r\n\t\t\t\t\t\t\t<img decoding=\"async\" src=\"https:\/\/www.yelcho.cl\/wp-content\/uploads\/2026\/03\/Parque-Nacional-Pumalin-e1776801972873.jpg\" alt=\"http:\/\/Parque%20Nacional%20Pumali\u0301n\">\r\n\t\t\t\t\t\t<\/a>\r\n\t\t\t\t\t\t\t\t\t\t\t<\/div>\r\n\t\t\t\t<\/div>\r\n\t\t\t<\/div>\r\n\t\t<\/div>\r\n\r\n        \t\t\t\t<\/div>\n\t\t\t\t<\/div>\n\t\t\t\t<div class=\"elementor-element elementor-element-3d7499f5 elementor-widget elementor-widget-heading\" data-id=\"3d7499f5\" data-element_type=\"widget\" data-e-type=\"widget\" data-widget_type=\"heading.default\">\n\t\t\t\t\t<h4 class=\"elementor-heading-title elementor-size-default\"><a href=\"https:\/\/www.yelcho.cl\/en\/blog\/senderos-pumalin-y-corcovado\/\" target=\"_blank\">Pumal\u00edn National Park<\/a><\/h4>\t\t\t\t<\/div>\n\t\t\t\t<div class=\"elementor-element elementor-element-225689b0 elementor-widget elementor-widget-heading\" data-id=\"225689b0\" data-element_type=\"widget\" data-e-type=\"widget\" data-widget_type=\"heading.default\">\n\t\t\t\t\t<span class=\"elementor-heading-title elementor-size-default\">This national park is located within the Biosphere Reserve of the Temperate Rainforests of the Southern Andes, declared by UNESCO in September 2007, due to its great biodiversity of global importance, given that it represents two biogeographical regions: the southern Andean province and the Valdivian forest province.\n<\/span>\t\t\t\t<\/div>\n\t\t\t\t<\/div>\n\t\t<div class=\"elementor-element elementor-element-23545e55 e-con-full e-flex e-con e-child\" data-id=\"23545e55\" data-element_type=\"container\" data-e-type=\"container\">\n\t\t\t\t<div class=\"elementor-element elementor-element-766049bb elementor-widget elementor-widget-rt-image-portfolio\" data-id=\"766049bb\" data-element_type=\"widget\" data-e-type=\"widget\" data-settings=\"{&quot;arrox_anima_type&quot;:&quot;fade-anim&quot;}\" data-widget_type=\"rt-image-portfolio.default\">\n\t\t\t\t<div class=\"elementor-widget-container\">\n\t\t\t\t\t\r\n\t\t\r\n\t\t<div class=\"ax-pf-wrapper-01 works-wrapper-1 fade-anim\"   >\r\n\t\t\t<div class=\"work-box\">\r\n\t\t\t\t<div class=\"thumb\">\r\n\t\t\t\t\t<div class=\"image scale\" data-cursor-text=\"\">\r\n\t\t\t\t\t\t\t\t\t\t\t\t\t<img decoding=\"async\" src=\"https:\/\/www.yelcho.cl\/wp-content\/uploads\/2026\/03\/Ventisquero-El-Amarillo-e1776802056930.jpg\" alt=\"http:\/\/Ventisquero%20El%20Amarillo\">\r\n\t\t\t\t\t\t\t\t\t\t\t<\/div>\r\n\t\t\t\t<\/div>\r\n\t\t\t<\/div>\r\n\t\t<\/div>\r\n\r\n        \t\t\t\t<\/div>\n\t\t\t\t<\/div>\n\t\t\t\t<div class=\"elementor-element elementor-element-7ccad2a4 elementor-widget elementor-widget-heading\" data-id=\"7ccad2a4\" data-element_type=\"widget\" data-e-type=\"widget\" data-widget_type=\"heading.default\">\n\t\t\t\t\t<h4 class=\"elementor-heading-title elementor-size-default\">El Amarillo Glacier<\/h4>\t\t\t\t<\/div>\n\t\t\t\t<div class=\"elementor-element elementor-element-30313e6d elementor-widget elementor-widget-heading\" data-id=\"30313e6d\" data-element_type=\"widget\" data-e-type=\"widget\" data-widget_type=\"heading.default\">\n\t\t\t\t\t<span class=\"elementor-heading-title elementor-size-default\">Located within Pumal\u00edn Park, this glacier is undoubtedly one of the main attractions of this area, a beautiful ice formation that brings this spectacular scene to life amidst ancient forests and abundant native flora.<\/span>\t\t\t\t<\/div>\n\t\t\t\t<\/div>\n\t\t\t\t<\/div>\n\t\t<div class=\"elementor-element elementor-element-1273d86 e-con-full e-flex e-con e-child\" data-id=\"1273d86\" data-element_type=\"container\" data-e-type=\"container\">\n\t\t<div class=\"elementor-element elementor-element-302940c7 e-con-full e-flex e-con e-child\" data-id=\"302940c7\" data-element_type=\"container\" data-e-type=\"container\">\n\t\t\t\t<div class=\"elementor-element elementor-element-3443e6ba elementor-widget elementor-widget-rt-image-portfolio\" data-id=\"3443e6ba\" data-element_type=\"widget\" data-e-type=\"widget\" data-settings=\"{&quot;arrox_anima_type&quot;:&quot;fade-anim&quot;}\" data-widget_type=\"rt-image-portfolio.default\">\n\t\t\t\t<div class=\"elementor-widget-container\">\n\t\t\t\t\t\r\n\t\t\r\n\t\t<div class=\"ax-pf-wrapper-01 works-wrapper-1 fade-anim\"   >\r\n\t\t\t<div class=\"work-box\">\r\n\t\t\t\t<div class=\"thumb\">\r\n\t\t\t\t\t<div class=\"image scale\" data-cursor-text=\"M\u00e1s info..\">\r\n\t\t\t\t\t\t\t\t\t\t\t\t<a href=\"https:\/\/www.yelcho.cl\/en\/blog\/parque-nacional-corcovado\/\" target=\"_blank\" rel=\"\">\r\n\t\t\t\t\t\t\t<img decoding=\"async\" src=\"https:\/\/www.yelcho.cl\/wp-content\/uploads\/2026\/03\/Parque-Nacional-Corcovado-e1776802634208.jpg\" alt=\"http:\/\/Parque%20Nacional%20Corcovado\">\r\n\t\t\t\t\t\t<\/a>\r\n\t\t\t\t\t\t\t\t\t\t\t<\/div>\r\n\t\t\t\t<\/div>\r\n\t\t\t<\/div>\r\n\t\t<\/div>\r\n\r\n        \t\t\t\t<\/div>\n\t\t\t\t<\/div>\n\t\t\t\t<div class=\"elementor-element elementor-element-d565b33 elementor-widget elementor-widget-heading\" data-id=\"d565b33\" data-element_type=\"widget\" data-e-type=\"widget\" data-widget_type=\"heading.default\">\n\t\t\t\t\t<h4 class=\"elementor-heading-title elementor-size-default\"><a href=\"https:\/\/www.yelcho.cl\/en\/blog\/parque-nacional-corcovado\/\" target=\"_blank\">Corcovado National Park<\/a><\/h4>\t\t\t\t<\/div>\n\t\t\t\t<div class=\"elementor-element elementor-element-375f19aa elementor-widget elementor-widget-heading\" data-id=\"375f19aa\" data-element_type=\"widget\" data-e-type=\"widget\" data-widget_type=\"heading.default\">\n\t\t\t\t\t<span class=\"elementor-heading-title elementor-size-default\">Chile's sixth largest national park boasts over 400,000 hectares of pristine forests, fjords, rivers, and lakes. It contains more than eighty lakes, many surrounded by ancient forests where pumas emerge from the shadows. The brackish estuaries where the Corcovado and Tic Toc rivers flow into Corcovado Bay provide an exceptional habitat for wildlife.<\/span>\t\t\t\t<\/div>\n\t\t\t\t<\/div>\n\t\t<div class=\"elementor-element elementor-element-3bae2350 e-con-full e-flex e-con e-child\" data-id=\"3bae2350\" data-element_type=\"container\" data-e-type=\"container\">\n\t\t\t\t<div class=\"elementor-element elementor-element-61f7f863 elementor-widget elementor-widget-rt-image-portfolio\" data-id=\"61f7f863\" data-element_type=\"widget\" data-e-type=\"widget\" data-settings=\"{&quot;arrox_anima_type&quot;:&quot;fade-anim&quot;}\" data-widget_type=\"rt-image-portfolio.default\">\n\t\t\t\t<div class=\"elementor-widget-container\">\n\t\t\t\t\t\r\n\t\t\r\n\t\t<div class=\"ax-pf-wrapper-01 works-wrapper-1 fade-anim\"   >\r\n\t\t\t<div class=\"work-box\">\r\n\t\t\t\t<div class=\"thumb\">\r\n\t\t\t\t\t<div class=\"image scale\" data-cursor-text=\"\">\r\n\t\t\t\t\t\t\t\t\t\t\t\t\t<img decoding=\"async\" src=\"https:\/\/www.yelcho.cl\/wp-content\/uploads\/2026\/03\/Rafting-rio-Futaleufu-e1776802704245.jpg\" alt=\"http:\/\/Rafting%20ri\u0301o%20Futaleufu\u0301\">\r\n\t\t\t\t\t\t\t\t\t\t\t<\/div>\r\n\t\t\t\t<\/div>\r\n\t\t\t<\/div>\r\n\t\t<\/div>\r\n\r\n        \t\t\t\t<\/div>\n\t\t\t\t<\/div>\n\t\t\t\t<div class=\"elementor-element elementor-element-42cb3e32 elementor-widget elementor-widget-heading\" data-id=\"42cb3e32\" data-element_type=\"widget\" data-e-type=\"widget\" data-widget_type=\"heading.default\">\n\t\t\t\t\t<h4 class=\"elementor-heading-title elementor-size-default\">Rafting on the Futaleuf\u00fa River<\/h4>\t\t\t\t<\/div>\n\t\t\t\t<div class=\"elementor-element elementor-element-181276ee elementor-widget elementor-widget-heading\" data-id=\"181276ee\" data-element_type=\"widget\" data-e-type=\"widget\" data-widget_type=\"heading.default\">\n\t\t\t\t\t<span class=\"elementor-heading-title elementor-size-default\">Nestled in Northern Patagonia is the Futaleuf\u00fa River, known worldwide as a tourist destination for rafting and kayaking, and is among the \"Top 5\" best rivers in the world for these disciplines. Its name means \"Big (futa) Water (leuf\u00fa)\" in Mapudungun.\n<\/span>\t\t\t\t<\/div>\n\t\t\t\t<\/div>\n\t\t\t\t<\/div>\n\t\t\t\t\t<\/div>\n\t\t\t\t<\/div>\n\t\t\t\t\t<\/div>\n\t\t\t\t<\/div>\n\t\t<div class=\"elementor-element elementor-element-7e3e9c7 e-con-full e-flex e-con e-parent\" data-id=\"7e3e9c7\" data-element_type=\"container\" data-e-type=\"container\" data-settings=\"{&quot;background_background&quot;:&quot;classic&quot;}\">\n\t\t<div class=\"elementor-element elementor-element-51d4480 e-con-full e-flex e-con e-child\" data-id=\"51d4480\" data-element_type=\"container\" data-e-type=\"container\">\n\t\t\t\t<div class=\"elementor-element elementor-element-2a68a24 elementor-invisible elementor-widget elementor-widget-image\" data-id=\"2a68a24\" data-element_type=\"widget\" data-e-type=\"widget\" data-settings=\"{&quot;_animation&quot;:&quot;zoomInUp&quot;,&quot;_animation_widescreen&quot;:&quot;zoomInUp&quot;,&quot;_animation_laptop&quot;:&quot;zoomInUp&quot;}\" data-widget_type=\"image.default\">\n\t\t\t\t\t\t\t\t\t\t\t\t\t\t\t<img fetchpriority=\"high\" decoding=\"async\" width=\"640\" height=\"302\" src=\"https:\/\/www.yelcho.cl\/wp-content\/uploads\/2026\/03\/logo-\u2013-blanco-transp.png\" class=\"attachment-large size-large wp-image-18949\" alt=\"logo \u2013 blanco - transp\" \/>\t\t\t\t\t\t\t\t\t\t\t\t\t\t\t<\/div>\n\t\t\t\t<\/div>\n\t\t\t\t<\/div>\n\t\t\t\t<\/div>","protected":false},"excerpt":{"rendered":"<p>ACTIVIDADES Experiencias inolvidables en el coraz\u00f3n de la Patagonia YELCHO EN PATAGONIA EST\u00c1 INMERSO ENTRE R\u00cdOS, LAGOS, BOSQUES Y MONTA\u00d1AS, ESCENARIOS PERFECTOS PARA LA PRACTICA DE ACTIVIDADES AL AIRE LIBRE, DESCUBRIR\u00c1S LUGARES INCRE\u00cdBLES, MUCHOS DE ELLOS RECONOCIDOS MUNDIALMENTE Pesca en Yelcho El lago Yelcho es conocido como uno de los mejores circuitos de pesca con [&hellip;]<\/p>","protected":false},"author":1,"featured_media":18459,"parent":0,"menu_order":0,"comment_status":"closed","ping_status":"closed","template":"elementor_header_footer","meta":{"om_disable_all_campaigns":false,"rs_blank_template":"","rs_page_bg_color":"","slide_template_v7":"","_monsterinsights_skip_tracking":false,"_monsterinsights_sitenote_active":false,"_monsterinsights_sitenote_note":"","_monsterinsights_sitenote_category":0,"_joinchat":[],"footnotes":""},"class_list":["post-6568","page","type-page","status-publish","has-post-thumbnail","hentry"],"aioseo_notices":[],"_links":{"self":[{"href":"https:\/\/www.yelcho.cl\/en\/wp-json\/wp\/v2\/pages\/6568","targetHints":{"allow":["GET"]}}],"collection":[{"href":"https:\/\/www.yelcho.cl\/en\/wp-json\/wp\/v2\/pages"}],"about":[{"href":"https:\/\/www.yelcho.cl\/en\/wp-json\/wp\/v2\/types\/page"}],"author":[{"embeddable":true,"href":"https:\/\/www.yelcho.cl\/en\/wp-json\/wp\/v2\/users\/1"}],"replies":[{"embeddable":true,"href":"https:\/\/www.yelcho.cl\/en\/wp-json\/wp\/v2\/comments?post=6568"}],"version-history":[{"count":392,"href":"https:\/\/www.yelcho.cl\/en\/wp-json\/wp\/v2\/pages\/6568\/revisions"}],"predecessor-version":[{"id":21572,"href":"https:\/\/www.yelcho.cl\/en\/wp-json\/wp\/v2\/pages\/6568\/revisions\/21572"}],"wp:featuredmedia":[{"embeddable":true,"href":"https:\/\/www.yelcho.cl\/en\/wp-json\/wp\/v2\/media\/18459"}],"wp:attachment":[{"href":"https:\/\/www.yelcho.cl\/en\/wp-json\/wp\/v2\/media?parent=6568"}],"curies":[{"name":"wp","href":"https:\/\/api.w.org\/{rel}","templated":true}]}}