{"id":20534,"date":"2026-03-30T09:42:58","date_gmt":"2026-03-30T12:42:58","guid":{"rendered":"http:\/\/localhost:8888\/yelcho.cl\/?page_id=20534"},"modified":"2026-05-12T10:40:54","modified_gmt":"2026-05-12T14:40:54","slug":"cabins","status":"publish","type":"page","link":"https:\/\/www.yelcho.cl\/en\/cabanas\/","title":{"rendered":"Cabins"},"content":{"rendered":"<div data-elementor-type=\"wp-page\" data-elementor-id=\"20534\" class=\"elementor elementor-20534\" data-elementor-post-type=\"page\">\n\t\t\t\t<div class=\"elementor-element elementor-element-29cea116 e-con-full e-flex e-con e-parent\" data-id=\"29cea116\" data-element_type=\"container\" data-e-type=\"container\" data-settings=\"{&quot;background_background&quot;:&quot;classic&quot;}\">\n\t\t<div class=\"elementor-element elementor-element-30e1c9f4 e-con-full e-flex e-con e-child\" data-id=\"30e1c9f4\" data-element_type=\"container\" data-e-type=\"container\">\n\t\t\t\t<div class=\"elementor-element elementor-element-668f0e0a fade-anim rd-inner-pg-title elementor-widget elementor-widget-heading\" data-id=\"668f0e0a\" data-element_type=\"widget\" data-e-type=\"widget\" data-settings=\"{&quot;_animation_widescreen&quot;:&quot;fadeInDown&quot;}\" data-widget_type=\"heading.default\">\n\t\t\t\t\t<h1 class=\"elementor-heading-title elementor-size-default\">Cabins<\/h1>\t\t\t\t<\/div>\n\t\t\t\t<div class=\"elementor-element elementor-element-db3da3 elementor-widget__width-initial elementor-invisible elementor-widget elementor-widget-heading\" data-id=\"db3da3\" data-element_type=\"widget\" data-e-type=\"widget\" data-settings=\"{&quot;_animation&quot;:&quot;fadeInUp&quot;}\" data-widget_type=\"heading.default\">\n\t\t\t\t\t<h2 class=\"elementor-heading-title elementor-size-default\">6 COMFORTABLE CABINS FACING LAKE YELCHO<\/h2>\t\t\t\t<\/div>\n\t\t\t\t<\/div>\n\t\t\t\t<\/div>\n\t\t<div class=\"elementor-element elementor-element-7d5a2441 e-flex e-con-boxed e-con e-parent\" data-id=\"7d5a2441\" data-element_type=\"container\" data-e-type=\"container\" data-settings=\"{&quot;background_background&quot;:&quot;classic&quot;}\">\n\t\t\t\t\t<div class=\"e-con-inner\">\n\t\t<div class=\"elementor-element elementor-element-9275ff4 e-con-full e-flex e-con e-child\" data-id=\"9275ff4\" data-element_type=\"container\" data-e-type=\"container\">\n\t\t\t\t<div class=\"elementor-element elementor-element-37194a49 elementor-widget elementor-widget-heading\" data-id=\"37194a49\" data-element_type=\"widget\" data-e-type=\"widget\" data-widget_type=\"heading.default\">\n\t\t\t\t\t<h2 class=\"elementor-heading-title elementor-size-default\">ACCOMMODATION\/CABINS<\/h2>\t\t\t\t<\/div>\n\t\t\t\t<div class=\"elementor-element elementor-element-42bcf4f2 elementor-widget elementor-widget-heading\" data-id=\"42bcf4f2\" data-element_type=\"widget\" data-e-type=\"widget\" data-widget_type=\"heading.default\">\n\t\t\t\t\t<h2 class=\"elementor-heading-title elementor-size-default\">Caba\u00f1as a orillas del lago Yelcho<\/h2>\t\t\t\t<\/div>\n\t\t\t\t<div class=\"elementor-element elementor-element-31abf58f elementor-widget elementor-widget-text-editor\" data-id=\"31abf58f\" data-element_type=\"widget\" data-e-type=\"widget\" data-widget_type=\"text-editor.default\">\n\t\t\t\t\t\t\t\t\t<p>Six cozy cabins nestled on the picturesque shores of the lake, designed with families in mind. Just steps away awaits one of Yelcho's most spectacular beaches.<\/p>\t\t\t\t\t\t\t\t<\/div>\n\t\t\t\t<div class=\"elementor-element elementor-element-3ca33cc4 elementor-widget elementor-widget-image\" data-id=\"3ca33cc4\" data-element_type=\"widget\" data-e-type=\"widget\" data-widget_type=\"image.default\">\n\t\t\t\t\t\t\t\t\t\t\t\t\t\t\t<img fetchpriority=\"high\" decoding=\"async\" width=\"1136\" height=\"940\" src=\"https:\/\/www.yelcho.cl\/wp-content\/uploads\/2026\/05\/servicios-alojamiento-cabana-yelcho.png\" class=\"attachment-full size-full wp-image-21538\" alt=\"\" \/>\t\t\t\t\t\t\t\t\t\t\t\t\t\t\t<\/div>\n\t\t\t\t<\/div>\n\t\t<div class=\"elementor-element elementor-element-6e60a833 e-con-full e-flex elementor-invisible e-con e-child\" data-id=\"6e60a833\" data-element_type=\"container\" data-e-type=\"container\" data-settings=\"{&quot;animation&quot;:&quot;fadeInRight&quot;}\">\n\t\t\t\t<div class=\"elementor-element elementor-element-5ef7ae4f elementor-widget elementor-widget-html\" data-id=\"5ef7ae4f\" data-element_type=\"widget\" data-e-type=\"widget\" data-widget_type=\"html.default\">\n\t\t\t\t\t<iframe\n  width=\"100%\"\n  height=\"650\"\n  src=\"https:\/\/my.matterport.com\/show\/?m=pGWoqLoG1BP\"\n  frameborder=\"0\"\n  allow=\"xr-spatial-tracking; fullscreen\"\n  allowfullscreen\n scrolling=\"no\">\n<\/iframe>\t\t\t\t<\/div>\n\t\t\t\t<\/div>\n\t\t\t\t\t<\/div>\n\t\t\t\t<\/div>\n\t\t<div class=\"elementor-element elementor-element-d71a25a e-flex e-con-boxed e-con e-parent\" data-id=\"d71a25a\" data-element_type=\"container\" data-e-type=\"container\" data-settings=\"{&quot;background_background&quot;:&quot;classic&quot;,&quot;animation&quot;:&quot;none&quot;}\">\n\t\t\t\t\t<div class=\"e-con-inner\">\n\t\t\t\t<div class=\"elementor-element elementor-element-ce16611 elementor-widget elementor-widget-heading\" data-id=\"ce16611\" data-element_type=\"widget\" data-e-type=\"widget\" data-settings=\"{&quot;_animation&quot;:&quot;none&quot;}\" data-widget_type=\"heading.default\">\n\t\t\t\t\t<h2 class=\"elementor-heading-title elementor-size-default\">Images of the Cabins<\/h2>\t\t\t\t<\/div>\n\t\t\t\t\t<\/div>\n\t\t\t\t<\/div>\n\t\t<div class=\"elementor-element elementor-element-7ad2a933 e-flex e-con-boxed e-con e-parent\" data-id=\"7ad2a933\" data-element_type=\"container\" data-e-type=\"container\" data-settings=\"{&quot;background_background&quot;:&quot;classic&quot;}\">\n\t\t\t\t\t<div class=\"e-con-inner\">\n\t\t\t\t<div class=\"elementor-element elementor-element-28289a13 elementor-arrows-position-inside elementor-widget elementor-widget-image-carousel\" data-id=\"28289a13\" data-element_type=\"widget\" data-e-type=\"widget\" data-settings=\"{&quot;slides_to_show&quot;:&quot;3&quot;,&quot;slides_to_scroll&quot;:&quot;3&quot;,&quot;navigation&quot;:&quot;arrows&quot;,&quot;autoplay_speed&quot;:6000,&quot;_animation&quot;:&quot;none&quot;,&quot;image_spacing_custom_laptop&quot;:{&quot;unit&quot;:&quot;px&quot;,&quot;size&quot;:10,&quot;sizes&quot;:[]},&quot;autoplay&quot;:&quot;yes&quot;,&quot;pause_on_hover&quot;:&quot;yes&quot;,&quot;pause_on_interaction&quot;:&quot;yes&quot;,&quot;infinite&quot;:&quot;yes&quot;,&quot;speed&quot;:500,&quot;image_spacing_custom&quot;:{&quot;unit&quot;:&quot;px&quot;,&quot;size&quot;:20,&quot;sizes&quot;:[]},&quot;image_spacing_custom_widescreen&quot;:{&quot;unit&quot;:&quot;px&quot;,&quot;size&quot;:&quot;&quot;,&quot;sizes&quot;:[]},&quot;image_spacing_custom_tablet_extra&quot;:{&quot;unit&quot;:&quot;px&quot;,&quot;size&quot;:&quot;&quot;,&quot;sizes&quot;:[]},&quot;image_spacing_custom_tablet&quot;:{&quot;unit&quot;:&quot;px&quot;,&quot;size&quot;:&quot;&quot;,&quot;sizes&quot;:[]},&quot;image_spacing_custom_mobile_extra&quot;:{&quot;unit&quot;:&quot;px&quot;,&quot;size&quot;:&quot;&quot;,&quot;sizes&quot;:[]},&quot;image_spacing_custom_mobile&quot;:{&quot;unit&quot;:&quot;px&quot;,&quot;size&quot;:&quot;&quot;,&quot;sizes&quot;:[]}}\" data-widget_type=\"image-carousel.default\">\n\t\t\t\t\t\t\t<div class=\"elementor-image-carousel-wrapper swiper\" role=\"region\" aria-roledescription=\"carousel\" aria-label=\"Carrusel de im\u00e1genes\" dir=\"ltr\">\n\t\t\t<div class=\"elementor-image-carousel swiper-wrapper\" aria-live=\"off\">\n\t\t\t\t\t\t\t\t<div class=\"swiper-slide\" role=\"group\" aria-roledescription=\"slide\" aria-label=\"1 of 10\"><a data-elementor-open-lightbox=\"yes\" data-elementor-lightbox-slideshow=\"28289a13\" data-elementor-lightbox-title=\"Caban\u0303as Yelcho - foto 09\" data-elementor-lightbox-description=\"Caban\u0303as Yelcho - foto 09\" data-e-action-hash=\"#elementor-action%3Aaction%3Dlightbox%26settings%3DeyJpZCI6MjE0ODksInVybCI6Imh0dHBzOlwvXC93d3cueWVsY2hvLmNsXC93cC1jb250ZW50XC91cGxvYWRzXC8yMDI2XC8wNVwvQ2FiYW5hcy1ZZWxjaG8tZm90by0wOS5qcGciLCJzbGlkZXNob3ciOiIyODI4OWExMyJ9\" href=\"https:\/\/www.yelcho.cl\/wp-content\/uploads\/2026\/05\/Cabanas-Yelcho-foto-09.jpg\"><figure class=\"swiper-slide-inner\"><img decoding=\"async\" class=\"swiper-slide-image\" src=\"https:\/\/www.yelcho.cl\/wp-content\/uploads\/2026\/05\/Cabanas-Yelcho-foto-09.jpg\" alt=\"Caban\u0303as Yelcho - foto 09\" \/><\/figure><\/a><\/div><div class=\"swiper-slide\" role=\"group\" aria-roledescription=\"slide\" aria-label=\"2 of 10\"><a data-elementor-open-lightbox=\"yes\" data-elementor-lightbox-slideshow=\"28289a13\" data-elementor-lightbox-title=\"Caban\u0303as Yelcho - foto 01\" data-elementor-lightbox-description=\"Caban\u0303as Yelcho - foto 01\" data-e-action-hash=\"#elementor-action%3Aaction%3Dlightbox%26settings%3DeyJpZCI6MjE0OTQsInVybCI6Imh0dHBzOlwvXC93d3cueWVsY2hvLmNsXC93cC1jb250ZW50XC91cGxvYWRzXC8yMDI2XC8wNVwvQ2FiYW5hcy1ZZWxjaG8tZm90by0wMS5qcGciLCJzbGlkZXNob3ciOiIyODI4OWExMyJ9\" href=\"https:\/\/www.yelcho.cl\/wp-content\/uploads\/2026\/05\/Cabanas-Yelcho-foto-01.jpg\"><figure class=\"swiper-slide-inner\"><img decoding=\"async\" class=\"swiper-slide-image\" src=\"https:\/\/www.yelcho.cl\/wp-content\/uploads\/2026\/05\/Cabanas-Yelcho-foto-01.jpg\" alt=\"Caban\u0303as Yelcho - foto 01\" \/><\/figure><\/a><\/div><div class=\"swiper-slide\" role=\"group\" aria-roledescription=\"slide\" aria-label=\"3 of 10\"><a data-elementor-open-lightbox=\"yes\" data-elementor-lightbox-slideshow=\"28289a13\" data-elementor-lightbox-title=\"Caban\u0303as Yelcho - foto 02\" data-elementor-lightbox-description=\"Caban\u0303as Yelcho - foto 02\" data-e-action-hash=\"#elementor-action%3Aaction%3Dlightbox%26settings%3DeyJpZCI6MjE0OTUsInVybCI6Imh0dHBzOlwvXC93d3cueWVsY2hvLmNsXC93cC1jb250ZW50XC91cGxvYWRzXC8yMDI2XC8wNVwvQ2FiYW5hcy1ZZWxjaG8tZm90by0wMi5qcGciLCJzbGlkZXNob3ciOiIyODI4OWExMyJ9\" href=\"https:\/\/www.yelcho.cl\/wp-content\/uploads\/2026\/05\/Cabanas-Yelcho-foto-02.jpg\"><figure class=\"swiper-slide-inner\"><img decoding=\"async\" class=\"swiper-slide-image\" src=\"https:\/\/www.yelcho.cl\/wp-content\/uploads\/2026\/05\/Cabanas-Yelcho-foto-02.jpg\" alt=\"Caban\u0303as Yelcho - foto 02\" \/><\/figure><\/a><\/div><div class=\"swiper-slide\" role=\"group\" aria-roledescription=\"slide\" aria-label=\"4 of 10\"><a data-elementor-open-lightbox=\"yes\" data-elementor-lightbox-slideshow=\"28289a13\" data-elementor-lightbox-title=\"Caban\u0303as Yelcho - foto 06\" data-elementor-lightbox-description=\"Caban\u0303as Yelcho - foto 06\" data-e-action-hash=\"#elementor-action%3Aaction%3Dlightbox%26settings%3DeyJpZCI6MjE0ODcsInVybCI6Imh0dHBzOlwvXC93d3cueWVsY2hvLmNsXC93cC1jb250ZW50XC91cGxvYWRzXC8yMDI2XC8wNVwvQ2FiYW5hcy1ZZWxjaG8tZm90by0wNi5qcGciLCJzbGlkZXNob3ciOiIyODI4OWExMyJ9\" href=\"https:\/\/www.yelcho.cl\/wp-content\/uploads\/2026\/05\/Cabanas-Yelcho-foto-06.jpg\"><figure class=\"swiper-slide-inner\"><img decoding=\"async\" class=\"swiper-slide-image\" src=\"https:\/\/www.yelcho.cl\/wp-content\/uploads\/2026\/05\/Cabanas-Yelcho-foto-06.jpg\" alt=\"Caban\u0303as Yelcho - foto 06\" \/><\/figure><\/a><\/div><div class=\"swiper-slide\" role=\"group\" aria-roledescription=\"slide\" aria-label=\"5 of 10\"><a data-elementor-open-lightbox=\"yes\" data-elementor-lightbox-slideshow=\"28289a13\" data-elementor-lightbox-title=\"Caban\u0303as Yelcho - foto 07\" data-elementor-lightbox-description=\"Caban\u0303as Yelcho - foto 07\" data-e-action-hash=\"#elementor-action%3Aaction%3Dlightbox%26settings%3DeyJpZCI6MjE0ODgsInVybCI6Imh0dHBzOlwvXC93d3cueWVsY2hvLmNsXC93cC1jb250ZW50XC91cGxvYWRzXC8yMDI2XC8wNVwvQ2FiYW5hcy1ZZWxjaG8tZm90by0wNy5qcGciLCJzbGlkZXNob3ciOiIyODI4OWExMyJ9\" href=\"https:\/\/www.yelcho.cl\/wp-content\/uploads\/2026\/05\/Cabanas-Yelcho-foto-07.jpg\"><figure class=\"swiper-slide-inner\"><img decoding=\"async\" class=\"swiper-slide-image\" src=\"https:\/\/www.yelcho.cl\/wp-content\/uploads\/2026\/05\/Cabanas-Yelcho-foto-07.jpg\" alt=\"Caban\u0303as Yelcho - foto 07\" \/><\/figure><\/a><\/div><div class=\"swiper-slide\" role=\"group\" aria-roledescription=\"slide\" aria-label=\"6 of 10\"><a data-elementor-open-lightbox=\"yes\" data-elementor-lightbox-slideshow=\"28289a13\" data-elementor-lightbox-title=\"Caban\u0303as Yelcho - foto 04\" data-elementor-lightbox-description=\"Caban\u0303as Yelcho - foto 04\" data-e-action-hash=\"#elementor-action%3Aaction%3Dlightbox%26settings%3DeyJpZCI6MjE0OTMsInVybCI6Imh0dHBzOlwvXC93d3cueWVsY2hvLmNsXC93cC1jb250ZW50XC91cGxvYWRzXC8yMDI2XC8wNVwvQ2FiYW5hcy1ZZWxjaG8tZm90by0wNC5qcGciLCJzbGlkZXNob3ciOiIyODI4OWExMyJ9\" href=\"https:\/\/www.yelcho.cl\/wp-content\/uploads\/2026\/05\/Cabanas-Yelcho-foto-04.jpg\"><figure class=\"swiper-slide-inner\"><img decoding=\"async\" class=\"swiper-slide-image\" src=\"https:\/\/www.yelcho.cl\/wp-content\/uploads\/2026\/05\/Cabanas-Yelcho-foto-04.jpg\" alt=\"Caban\u0303as Yelcho - foto 04\" \/><\/figure><\/a><\/div><div class=\"swiper-slide\" role=\"group\" aria-roledescription=\"slide\" aria-label=\"7 of 10\"><a data-elementor-open-lightbox=\"yes\" data-elementor-lightbox-slideshow=\"28289a13\" data-elementor-lightbox-title=\"Caban\u0303as Yelcho - foto 05\" data-elementor-lightbox-description=\"Caban\u0303as Yelcho - foto 05\" data-e-action-hash=\"#elementor-action%3Aaction%3Dlightbox%26settings%3DeyJpZCI6MjE0OTYsInVybCI6Imh0dHBzOlwvXC93d3cueWVsY2hvLmNsXC93cC1jb250ZW50XC91cGxvYWRzXC8yMDI2XC8wNVwvQ2FiYW5hcy1ZZWxjaG8tZm90by0wNS5qcGciLCJzbGlkZXNob3ciOiIyODI4OWExMyJ9\" href=\"https:\/\/www.yelcho.cl\/wp-content\/uploads\/2026\/05\/Cabanas-Yelcho-foto-05.jpg\"><figure class=\"swiper-slide-inner\"><img decoding=\"async\" class=\"swiper-slide-image\" src=\"https:\/\/www.yelcho.cl\/wp-content\/uploads\/2026\/05\/Cabanas-Yelcho-foto-05.jpg\" alt=\"Caban\u0303as Yelcho - foto 05\" \/><\/figure><\/a><\/div><div class=\"swiper-slide\" role=\"group\" aria-roledescription=\"slide\" aria-label=\"8 of 10\"><a data-elementor-open-lightbox=\"yes\" data-elementor-lightbox-slideshow=\"28289a13\" data-elementor-lightbox-title=\"Caban\u0303as Yelcho - foto 03\" data-elementor-lightbox-description=\"Caban\u0303as Yelcho - foto 03\" data-e-action-hash=\"#elementor-action%3Aaction%3Dlightbox%26settings%3DeyJpZCI6MjE0OTAsInVybCI6Imh0dHBzOlwvXC93d3cueWVsY2hvLmNsXC93cC1jb250ZW50XC91cGxvYWRzXC8yMDI2XC8wNVwvQ2FiYW5hcy1ZZWxjaG8tZm90by0wMy5qcGciLCJzbGlkZXNob3ciOiIyODI4OWExMyJ9\" href=\"https:\/\/www.yelcho.cl\/wp-content\/uploads\/2026\/05\/Cabanas-Yelcho-foto-03.jpg\"><figure class=\"swiper-slide-inner\"><img decoding=\"async\" class=\"swiper-slide-image\" src=\"https:\/\/www.yelcho.cl\/wp-content\/uploads\/2026\/05\/Cabanas-Yelcho-foto-03.jpg\" alt=\"Caban\u0303as Yelcho - foto 03\" \/><\/figure><\/a><\/div><div class=\"swiper-slide\" role=\"group\" aria-roledescription=\"slide\" aria-label=\"9 of 10\"><a data-elementor-open-lightbox=\"yes\" data-elementor-lightbox-slideshow=\"28289a13\" data-elementor-lightbox-title=\"Caban\u0303as Yelcho - foto 10\" data-elementor-lightbox-description=\"Caban\u0303as Yelcho - foto 10\" data-e-action-hash=\"#elementor-action%3Aaction%3Dlightbox%26settings%3DeyJpZCI6MjE0OTEsInVybCI6Imh0dHBzOlwvXC93d3cueWVsY2hvLmNsXC93cC1jb250ZW50XC91cGxvYWRzXC8yMDI2XC8wNVwvQ2FiYW5hcy1ZZWxjaG8tZm90by0xMC5qcGciLCJzbGlkZXNob3ciOiIyODI4OWExMyJ9\" href=\"https:\/\/www.yelcho.cl\/wp-content\/uploads\/2026\/05\/Cabanas-Yelcho-foto-10.jpg\"><figure class=\"swiper-slide-inner\"><img decoding=\"async\" class=\"swiper-slide-image\" src=\"https:\/\/www.yelcho.cl\/wp-content\/uploads\/2026\/05\/Cabanas-Yelcho-foto-10.jpg\" alt=\"Caban\u0303as Yelcho - foto 10\" \/><\/figure><\/a><\/div><div class=\"swiper-slide\" role=\"group\" aria-roledescription=\"slide\" aria-label=\"10 of 10\"><a data-elementor-open-lightbox=\"yes\" data-elementor-lightbox-slideshow=\"28289a13\" data-elementor-lightbox-title=\"Caban\u0303as Yelcho - foto 08\" data-elementor-lightbox-description=\"Caban\u0303as Yelcho - foto 08\" data-e-action-hash=\"#elementor-action%3Aaction%3Dlightbox%26settings%3DeyJpZCI6MjE0OTIsInVybCI6Imh0dHBzOlwvXC93d3cueWVsY2hvLmNsXC93cC1jb250ZW50XC91cGxvYWRzXC8yMDI2XC8wNVwvQ2FiYW5hcy1ZZWxjaG8tZm90by0wOC5qcGciLCJzbGlkZXNob3ciOiIyODI4OWExMyJ9\" href=\"https:\/\/www.yelcho.cl\/wp-content\/uploads\/2026\/05\/Cabanas-Yelcho-foto-08.jpg\"><figure class=\"swiper-slide-inner\"><img decoding=\"async\" class=\"swiper-slide-image\" src=\"https:\/\/www.yelcho.cl\/wp-content\/uploads\/2026\/05\/Cabanas-Yelcho-foto-08.jpg\" alt=\"Caban\u0303as Yelcho - foto 08\" \/><\/figure><\/a><\/div>\t\t\t<\/div>\n\t\t\t\t\t\t\t\t\t\t\t\t<div class=\"elementor-swiper-button elementor-swiper-button-prev\" role=\"button\" tabindex=\"0\">\n\t\t\t\t\t\t<i aria-hidden=\"true\" class=\"eicon-chevron-left\"><\/i>\t\t\t\t\t<\/div>\n\t\t\t\t\t<div class=\"elementor-swiper-button elementor-swiper-button-next\" role=\"button\" tabindex=\"0\">\n\t\t\t\t\t\t<i aria-hidden=\"true\" class=\"eicon-chevron-right\"><\/i>\t\t\t\t\t<\/div>\n\t\t\t\t\n\t\t\t\t\t\t\t\t\t<\/div>\n\t\t\t\t\t\t<\/div>\n\t\t\t\t\t<\/div>\n\t\t\t\t<\/div>\n\t\t<div class=\"elementor-element elementor-element-6ac832c e-flex e-con-boxed e-con e-parent\" data-id=\"6ac832c\" data-element_type=\"container\" data-e-type=\"container\" data-settings=\"{&quot;background_background&quot;:&quot;classic&quot;}\">\n\t\t\t\t\t<div class=\"e-con-inner\">\n\t\t\t\t<div class=\"elementor-element elementor-element-889def4 elementor-widget__width-initial elementor-widget elementor-widget-heading\" data-id=\"889def4\" data-element_type=\"widget\" data-e-type=\"widget\" data-widget_type=\"heading.default\">\n\t\t\t\t\t<h2 class=\"elementor-heading-title elementor-size-default\">Experience an unforgettable stay in our cabins surrounded by snow-capped mountains and pristine nature. Silence, peace, and a deep connection with the environment. A place where time stands still.\n\n<\/h2>\t\t\t\t<\/div>\n\t\t\t\t\t<\/div>\n\t\t\t\t<\/div>\n\t\t<div class=\"elementor-element elementor-element-063bb7b e-flex e-con-boxed e-con e-parent\" data-id=\"063bb7b\" data-element_type=\"container\" data-e-type=\"container\" data-settings=\"{&quot;background_background&quot;:&quot;classic&quot;}\">\n\t\t\t\t\t<div class=\"e-con-inner\">\n\t\t\t\t<div class=\"elementor-element elementor-element-39aeb53 elementor-widget elementor-widget-video\" data-id=\"39aeb53\" data-element_type=\"widget\" data-e-type=\"widget\" data-settings=\"{&quot;youtube_url&quot;:&quot;https:\\\/\\\/youtu.be\\\/qnuBt92tWlY?si=5IgOsdxKlloX4jA4&quot;,&quot;autoplay&quot;:&quot;yes&quot;,&quot;mute&quot;:&quot;yes&quot;,&quot;loop&quot;:&quot;yes&quot;,&quot;yt_privacy&quot;:&quot;yes&quot;,&quot;lazy_load&quot;:&quot;yes&quot;,&quot;video_type&quot;:&quot;youtube&quot;,&quot;controls&quot;:&quot;yes&quot;}\" data-widget_type=\"video.default\">\n\t\t\t\t\t\t\t<div class=\"elementor-wrapper elementor-open-inline\">\n\t\t\t<div class=\"elementor-video\"><\/div>\t\t<\/div>\n\t\t\t\t\t\t<\/div>\n\t\t\t\t\t<\/div>\n\t\t\t\t<\/div>\n\t\t<div class=\"elementor-element elementor-element-5d04ee02 e-flex e-con-boxed e-con e-parent\" data-id=\"5d04ee02\" data-element_type=\"container\" data-e-type=\"container\" data-settings=\"{&quot;background_background&quot;:&quot;classic&quot;,&quot;animation&quot;:&quot;none&quot;}\">\n\t\t\t\t\t<div class=\"e-con-inner\">\n\t\t\t\t<div class=\"elementor-element elementor-element-4435113b animated-slow elementor-invisible elementor-widget elementor-widget-image\" data-id=\"4435113b\" data-element_type=\"widget\" data-e-type=\"widget\" data-settings=\"{&quot;_animation&quot;:&quot;slideInUp&quot;}\" data-widget_type=\"image.default\">\n\t\t\t\t\t\t\t\t\t\t\t\t\t\t\t<img decoding=\"async\" width=\"640\" height=\"302\" src=\"https:\/\/www.yelcho.cl\/wp-content\/uploads\/2026\/03\/logo-\u2013-blanco-transp.png\" class=\"attachment-large size-large wp-image-18949\" alt=\"logo \u2013 blanco - transp\" \/>\t\t\t\t\t\t\t\t\t\t\t\t\t\t\t<\/div>\n\t\t\t\t<div class=\"elementor-element elementor-element-4f4ae308 elementor-align-center elementor-invisible elementor-widget elementor-widget-button\" data-id=\"4f4ae308\" data-element_type=\"widget\" data-e-type=\"widget\" data-settings=\"{&quot;_animation&quot;:&quot;bounceIn&quot;}\" data-widget_type=\"button.default\">\n\t\t\t\t\t\t\t\t\t\t<a class=\"elementor-button elementor-button-link elementor-size-sm\" href=\"https:\/\/www.booking.yelcho.cl\/\" target=\"_blank\">\n\t\t\t\t\t\t<span class=\"elementor-button-content-wrapper\">\n\t\t\t\t\t\t<span class=\"elementor-button-icon\">\n\t\t\t\t<i aria-hidden=\"true\" class=\"fas fa-calendar-alt\"><\/i>\t\t\t<\/span>\n\t\t\t\t\t\t\t\t\t<span class=\"elementor-button-text\">Book now<\/span>\n\t\t\t\t\t<\/span>\n\t\t\t\t\t<\/a>\n\t\t\t\t\t\t\t\t<\/div>\n\t\t\t\t\t<\/div>\n\t\t\t\t<\/div>\n\t\t\t\t<\/div>","protected":false},"excerpt":{"rendered":"<p>Caba\u00f1as 6 CABA\u00d1AS C\u00d3MODAS FRENTE AL LAGO YELCHO ALOJAMIENTO\/CABA\u00d1AS Caba\u00f1as a orillas del lago Yelcho Seis acogedoras caba\u00f1as situadas en las pintorescas orillas del lago, dise\u00f1adas pensando en la comodidad de las familias. A tan solo unos pasos te esperar\u00e1 una de las playas m\u00e1s espectaculares de Yelcho. Im\u00e1genes de las Caba\u00f1as Viv\u00ed una experiencia [&hellip;]<\/p>","protected":false},"author":1,"featured_media":20536,"parent":0,"menu_order":0,"comment_status":"closed","ping_status":"closed","template":"elementor_header_footer","meta":{"om_disable_all_campaigns":false,"rs_blank_template":"","rs_page_bg_color":"","slide_template_v7":"","_monsterinsights_skip_tracking":false,"_monsterinsights_sitenote_active":false,"_monsterinsights_sitenote_note":"","_monsterinsights_sitenote_category":0,"_joinchat":[],"footnotes":""},"class_list":["post-20534","page","type-page","status-publish","has-post-thumbnail","hentry"],"aioseo_notices":[],"_links":{"self":[{"href":"https:\/\/www.yelcho.cl\/en\/wp-json\/wp\/v2\/pages\/20534","targetHints":{"allow":["GET"]}}],"collection":[{"href":"https:\/\/www.yelcho.cl\/en\/wp-json\/wp\/v2\/pages"}],"about":[{"href":"https:\/\/www.yelcho.cl\/en\/wp-json\/wp\/v2\/types\/page"}],"author":[{"embeddable":true,"href":"https:\/\/www.yelcho.cl\/en\/wp-json\/wp\/v2\/users\/1"}],"replies":[{"embeddable":true,"href":"https:\/\/www.yelcho.cl\/en\/wp-json\/wp\/v2\/comments?post=20534"}],"version-history":[{"count":113,"href":"https:\/\/www.yelcho.cl\/en\/wp-json\/wp\/v2\/pages\/20534\/revisions"}],"predecessor-version":[{"id":21557,"href":"https:\/\/www.yelcho.cl\/en\/wp-json\/wp\/v2\/pages\/20534\/revisions\/21557"}],"wp:featuredmedia":[{"embeddable":true,"href":"https:\/\/www.yelcho.cl\/en\/wp-json\/wp\/v2\/media\/20536"}],"wp:attachment":[{"href":"https:\/\/www.yelcho.cl\/en\/wp-json\/wp\/v2\/media?parent=20534"}],"curies":[{"name":"wp","href":"https:\/\/api.w.org\/{rel}","templated":true}]}}