{"id":20490,"date":"2026-03-30T08:41:38","date_gmt":"2026-03-30T11:41:38","guid":{"rendered":"http:\/\/localhost:8888\/yelcho.cl\/?page_id=20490"},"modified":"2026-05-11T21:22:04","modified_gmt":"2026-05-12T01:22:04","slug":"sleep","status":"publish","type":"page","link":"https:\/\/www.yelcho.cl\/en\/dormir\/","title":{"rendered":"Sleep"},"content":{"rendered":"<div data-elementor-type=\"wp-page\" data-elementor-id=\"20490\" class=\"elementor elementor-20490\" data-elementor-post-type=\"page\">\n\t\t\t\t<div class=\"elementor-element elementor-element-7a8fe00a e-con-full e-flex e-con e-parent\" data-id=\"7a8fe00a\" data-element_type=\"container\" data-e-type=\"container\" data-settings=\"{&quot;background_background&quot;:&quot;classic&quot;}\">\n\t\t<div class=\"elementor-element elementor-element-42509800 e-con-full e-flex e-con e-child\" data-id=\"42509800\" data-element_type=\"container\" data-e-type=\"container\">\n\t\t\t\t<div class=\"elementor-element elementor-element-630bd311 fade-anim rd-inner-pg-title elementor-widget-widescreen__width-inherit elementor-widget elementor-widget-heading\" data-id=\"630bd311\" data-element_type=\"widget\" data-e-type=\"widget\" data-settings=\"{&quot;_animation_widescreen&quot;:&quot;fadeInDown&quot;}\" data-widget_type=\"heading.default\">\n\t\t\t\t\t<h1 class=\"elementor-heading-title elementor-size-default\">Sleep<\/h1>\t\t\t\t<\/div>\n\t\t\t\t<\/div>\n\t\t\t\t<\/div>\n\t\t<div class=\"elementor-element elementor-element-4e73093 e-flex e-con-boxed e-con e-parent\" data-id=\"4e73093\" data-element_type=\"container\" data-e-type=\"container\" data-settings=\"{&quot;background_background&quot;:&quot;classic&quot;}\">\n\t\t\t\t\t<div class=\"e-con-inner\">\n\t\t\t\t<div class=\"elementor-element elementor-element-92733e1 elementor-widget-widescreen__width-initial elementor-widget-mobile__width-initial elementor-widget elementor-widget-heading\" data-id=\"92733e1\" data-element_type=\"widget\" data-e-type=\"widget\" data-widget_type=\"heading.default\">\n\t\t\t\t\t<h2 class=\"elementor-heading-title elementor-size-default\">Descans\u00e1 frente al Lago Yelcho, rodeado de monta\u00f1as nevadas, bosques y aguas cristalinas.<\/h2>\t\t\t\t<\/div>\n\t\t\t\t<div class=\"elementor-element elementor-element-029a5f4 elementor-widget elementor-widget-heading\" data-id=\"029a5f4\" data-element_type=\"widget\" data-e-type=\"widget\" data-widget_type=\"heading.default\">\n\t\t\t\t\t<p class=\"elementor-heading-title elementor-size-default\">\nOfrecemos tres opciones para que elijas seg\u00fan tu estilo de viaje:<\/p>\t\t\t\t<\/div>\n\t\t\t\t\t<\/div>\n\t\t\t\t<\/div>\n\t\t<div class=\"elementor-element elementor-element-b781ba8 e-flex e-con-boxed e-con e-parent\" data-id=\"b781ba8\" data-element_type=\"container\" data-e-type=\"container\" data-settings=\"{&quot;background_background&quot;:&quot;classic&quot;}\">\n\t\t\t\t\t<div class=\"e-con-inner\">\n\t\t<div class=\"elementor-element elementor-element-5b41ea9 e-con-full e-flex elementor-invisible e-con e-child\" data-id=\"5b41ea9\" data-element_type=\"container\" data-e-type=\"container\" data-settings=\"{&quot;animation&quot;:&quot;fadeInLeft&quot;}\">\n\t\t\t\t<div class=\"elementor-element elementor-element-8945809 elementor-widget elementor-widget-heading\" data-id=\"8945809\" data-element_type=\"widget\" data-e-type=\"widget\" data-widget_type=\"heading.default\">\n\t\t\t\t\t<h2 class=\"elementor-heading-title elementor-size-default\">Hotel<\/h2>\t\t\t\t<\/div>\n\t\t\t\t<div class=\"elementor-element elementor-element-2f165f8 elementor-widget elementor-widget-heading\" data-id=\"2f165f8\" data-element_type=\"widget\" data-e-type=\"widget\" data-widget_type=\"heading.default\">\n\t\t\t\t\t<h2 class=\"elementor-heading-title elementor-size-default\">8 COMFORTABLE ROOMS FACING LAKE YELCHO<\/h2>\t\t\t\t<\/div>\n\t\t\t\t<div class=\"elementor-element elementor-element-0a54659 elementor-widget elementor-widget-button\" data-id=\"0a54659\" data-element_type=\"widget\" data-e-type=\"widget\" data-widget_type=\"button.default\">\n\t\t\t\t\t\t\t\t\t\t<a class=\"elementor-button elementor-button-link elementor-size-sm\" href=\"https:\/\/www.yelcho.cl\/en\/hotel\/\">\n\t\t\t\t\t\t<span class=\"elementor-button-content-wrapper\">\n\t\t\t\t\t\t\t\t\t<span class=\"elementor-button-text\">More information<\/span>\n\t\t\t\t\t<\/span>\n\t\t\t\t\t<\/a>\n\t\t\t\t\t\t\t\t<\/div>\n\t\t\t\t<\/div>\n\t\t<div class=\"elementor-element elementor-element-1d2c473 e-con-full e-flex elementor-invisible e-con e-child\" data-id=\"1d2c473\" data-element_type=\"container\" data-e-type=\"container\" data-settings=\"{&quot;animation&quot;:&quot;fadeInUp&quot;}\">\n\t\t\t\t<div class=\"elementor-element elementor-element-37a283e elementor-widget elementor-widget-heading\" data-id=\"37a283e\" data-element_type=\"widget\" data-e-type=\"widget\" data-widget_type=\"heading.default\">\n\t\t\t\t\t<h2 class=\"elementor-heading-title elementor-size-default\">Cabins<\/h2>\t\t\t\t<\/div>\n\t\t\t\t<div class=\"elementor-element elementor-element-0b2927f elementor-widget elementor-widget-heading\" data-id=\"0b2927f\" data-element_type=\"widget\" data-e-type=\"widget\" data-widget_type=\"heading.default\">\n\t\t\t\t\t<h2 class=\"elementor-heading-title elementor-size-default\">6 COMFORTABLE CABINS FACING LAKE YELCHO<\/h2>\t\t\t\t<\/div>\n\t\t\t\t<div class=\"elementor-element elementor-element-bb19507 elementor-widget elementor-widget-button\" data-id=\"bb19507\" data-element_type=\"widget\" data-e-type=\"widget\" data-widget_type=\"button.default\">\n\t\t\t\t\t\t\t\t\t\t<a class=\"elementor-button elementor-button-link elementor-size-sm\" href=\"https:\/\/www.yelcho.cl\/en\/cabins\/\">\n\t\t\t\t\t\t<span class=\"elementor-button-content-wrapper\">\n\t\t\t\t\t\t\t\t\t<span class=\"elementor-button-text\">More information<\/span>\n\t\t\t\t\t<\/span>\n\t\t\t\t\t<\/a>\n\t\t\t\t\t\t\t\t<\/div>\n\t\t\t\t<\/div>\n\t\t<div class=\"elementor-element elementor-element-67cfd67 e-con-full e-flex elementor-invisible e-con e-child\" data-id=\"67cfd67\" data-element_type=\"container\" data-e-type=\"container\" data-settings=\"{&quot;animation&quot;:&quot;fadeInRight&quot;}\">\n\t\t\t\t<div class=\"elementor-element elementor-element-e50c87a elementor-widget elementor-widget-heading\" data-id=\"e50c87a\" data-element_type=\"widget\" data-e-type=\"widget\" data-widget_type=\"heading.default\">\n\t\t\t\t\t<h2 class=\"elementor-heading-title elementor-size-default\">Camping<\/h2>\t\t\t\t<\/div>\n\t\t\t\t<div class=\"elementor-element elementor-element-99cdc63 elementor-widget elementor-widget-heading\" data-id=\"99cdc63\" data-element_type=\"widget\" data-e-type=\"widget\" data-widget_type=\"heading.default\">\n\t\t\t\t\t<h2 class=\"elementor-heading-title elementor-size-default\">15 CAMPING SITES WITH BEACH ACCESS<\/h2>\t\t\t\t<\/div>\n\t\t\t\t<div class=\"elementor-element elementor-element-1db1896 elementor-widget elementor-widget-button\" data-id=\"1db1896\" data-element_type=\"widget\" data-e-type=\"widget\" data-widget_type=\"button.default\">\n\t\t\t\t\t\t\t\t\t\t<a class=\"elementor-button elementor-button-link elementor-size-sm\" href=\"https:\/\/www.yelcho.cl\/en\/camping\/\">\n\t\t\t\t\t\t<span class=\"elementor-button-content-wrapper\">\n\t\t\t\t\t\t\t\t\t<span class=\"elementor-button-text\">More information<\/span>\n\t\t\t\t\t<\/span>\n\t\t\t\t\t<\/a>\n\t\t\t\t\t\t\t\t<\/div>\n\t\t\t\t<\/div>\n\t\t\t\t\t<\/div>\n\t\t\t\t<\/div>\n\t\t<div class=\"elementor-element elementor-element-739be25 e-flex e-con-boxed e-con e-parent\" data-id=\"739be25\" data-element_type=\"container\" data-e-type=\"container\" data-settings=\"{&quot;background_background&quot;:&quot;classic&quot;}\">\n\t\t\t\t\t<div class=\"e-con-inner\">\n\t\t\t\t<div class=\"elementor-element elementor-element-d5c7791 fade-anim elementor-widget__width-inherit elementor-widget elementor-widget-heading\" data-id=\"d5c7791\" data-element_type=\"widget\" data-e-type=\"widget\" data-widget_type=\"heading.default\">\n\t\t\t\t\t<h2 class=\"elementor-heading-title elementor-size-default\">Whatever your choice, an authentic rest awaits you in one of the most beautiful corners of Patagonia.\n\n<\/h2>\t\t\t\t<\/div>\n\t\t\t\t\t<\/div>\n\t\t\t\t<\/div>\n\t\t<div class=\"elementor-element elementor-element-46f883d e-flex e-con-boxed e-con e-parent\" data-id=\"46f883d\" data-element_type=\"container\" data-e-type=\"container\" data-settings=\"{&quot;background_background&quot;:&quot;classic&quot;,&quot;animation&quot;:&quot;none&quot;}\">\n\t\t\t\t\t<div class=\"e-con-inner\">\n\t\t\t\t<div class=\"elementor-element elementor-element-da61456 animated-slow elementor-invisible elementor-widget elementor-widget-image\" data-id=\"da61456\" data-element_type=\"widget\" data-e-type=\"widget\" data-settings=\"{&quot;_animation&quot;:&quot;slideInUp&quot;}\" data-widget_type=\"image.default\">\n\t\t\t\t\t\t\t\t\t\t\t\t\t\t\t<img fetchpriority=\"high\" decoding=\"async\" width=\"640\" height=\"302\" src=\"https:\/\/www.yelcho.cl\/wp-content\/uploads\/2026\/03\/logo-\u2013-blanco-transp.png\" class=\"attachment-large size-large wp-image-18949\" alt=\"logo \u2013 blanco - transp\" \/>\t\t\t\t\t\t\t\t\t\t\t\t\t\t\t<\/div>\n\t\t\t\t<div class=\"elementor-element elementor-element-32b295c elementor-align-center elementor-invisible elementor-widget elementor-widget-button\" data-id=\"32b295c\" data-element_type=\"widget\" data-e-type=\"widget\" data-settings=\"{&quot;_animation&quot;:&quot;bounceIn&quot;}\" data-widget_type=\"button.default\">\n\t\t\t\t\t\t\t\t\t\t<a class=\"elementor-button elementor-button-link elementor-size-sm\" href=\"https:\/\/www.booking.yelcho.cl\/?_gl=1*zgirjn*_gcl_au*NzQwMTEzMTI1LjE3NzI2NDgxNTE.*_ga*MTQyODc2Nzg3My4xNzcyNjQ4MTUx*_ga_68WZG8S8PV*czE3NzQwMTc5NDUkbzI0JGcwJHQxNzc0MDE3OTQ1JGo2MCRsMCRoMA..\" target=\"_blank\">\n\t\t\t\t\t\t<span class=\"elementor-button-content-wrapper\">\n\t\t\t\t\t\t<span class=\"elementor-button-icon\">\n\t\t\t\t<i aria-hidden=\"true\" class=\"fas fa-calendar-alt\"><\/i>\t\t\t<\/span>\n\t\t\t\t\t\t\t\t\t<span class=\"elementor-button-text\">Book now<\/span>\n\t\t\t\t\t<\/span>\n\t\t\t\t\t<\/a>\n\t\t\t\t\t\t\t\t<\/div>\n\t\t\t\t\t<\/div>\n\t\t\t\t<\/div>\n\t\t\t\t<\/div>","protected":false},"excerpt":{"rendered":"<p>Dormir Descans\u00e1 frente al Lago Yelcho, rodeado de monta\u00f1as nevadas, bosques y aguas cristalinas. Ofrecemos tres opciones para que elijas seg\u00fan tu estilo de viaje: Hotel 8 COMODAS HABITACIONES FRENTE AL LAGO YELCHO M\u00e1s informaci\u00f3n Caba\u00f1as 6 CABA\u00d1AS C\u00d3MODAS FRENTE AL LAGO YELCHO M\u00e1s informaci\u00f3n Camping 15 PARCELAS DE CAMPING CON ACCESO A LA PLAYA [&hellip;]<\/p>","protected":false},"author":1,"featured_media":20527,"parent":0,"menu_order":0,"comment_status":"closed","ping_status":"closed","template":"elementor_header_footer","meta":{"om_disable_all_campaigns":false,"rs_blank_template":"","rs_page_bg_color":"","slide_template_v7":"","_monsterinsights_skip_tracking":false,"_monsterinsights_sitenote_active":false,"_monsterinsights_sitenote_note":"","_monsterinsights_sitenote_category":0,"_joinchat":[],"footnotes":""},"class_list":["post-20490","page","type-page","status-publish","has-post-thumbnail","hentry"],"aioseo_notices":[],"_links":{"self":[{"href":"https:\/\/www.yelcho.cl\/en\/wp-json\/wp\/v2\/pages\/20490","targetHints":{"allow":["GET"]}}],"collection":[{"href":"https:\/\/www.yelcho.cl\/en\/wp-json\/wp\/v2\/pages"}],"about":[{"href":"https:\/\/www.yelcho.cl\/en\/wp-json\/wp\/v2\/types\/page"}],"author":[{"embeddable":true,"href":"https:\/\/www.yelcho.cl\/en\/wp-json\/wp\/v2\/users\/1"}],"replies":[{"embeddable":true,"href":"https:\/\/www.yelcho.cl\/en\/wp-json\/wp\/v2\/comments?post=20490"}],"version-history":[{"count":91,"href":"https:\/\/www.yelcho.cl\/en\/wp-json\/wp\/v2\/pages\/20490\/revisions"}],"predecessor-version":[{"id":21544,"href":"https:\/\/www.yelcho.cl\/en\/wp-json\/wp\/v2\/pages\/20490\/revisions\/21544"}],"wp:featuredmedia":[{"embeddable":true,"href":"https:\/\/www.yelcho.cl\/en\/wp-json\/wp\/v2\/media\/20527"}],"wp:attachment":[{"href":"https:\/\/www.yelcho.cl\/en\/wp-json\/wp\/v2\/media?parent=20490"}],"curies":[{"name":"wp","href":"https:\/\/api.w.org\/{rel}","templated":true}]}}